{"id":395,"date":"2021-08-27T12:11:46","date_gmt":"2021-08-27T12:11:46","guid":{"rendered":"http:\/\/dummy.xtemos.com\/woodmart2\/elementor\/?post_type=product&#038;p=395"},"modified":"2025-05-22T12:02:45","modified_gmt":"2025-05-22T12:02:45","slug":"frying-filter","status":"publish","type":"product","link":"https:\/\/oilblockandlock.com\/pl\/product\/frying-filter\/","title":{"rendered":"Pokrywka filtruj\u0105ca"},"content":{"rendered":"<div data-elementor-type=\"wp-post\" data-elementor-id=\"395\" class=\"elementor elementor-395\" data-elementor-post-type=\"product\">\n\t\t\t\t<div class=\"wd-negative-gap elementor-element elementor-element-3171f4f e-flex e-con-boxed e-con e-parent\" data-id=\"3171f4f\" data-element_type=\"container\">\n\t\t\t\t\t<div class=\"e-con-inner\">\n\t\t\t\t<div class=\"elementor-element elementor-element-eddf3e8 elementor-widget elementor-widget-wd_text_block\" data-id=\"eddf3e8\" data-element_type=\"widget\" data-widget_type=\"wd_text_block.default\">\n\t\t\t\t<div class=\"elementor-widget-container\">\n\t\t\t\t\t\t\t<div class=\"wd-text-block reset-last-child text-left\">\n\t\t\t\n\t\t\t<p><span style=\"font-weight: 400;\">Pokrywka filtruj\u0105ca zosta\u0142a zaprojektowana tak, aby skutecznie absorbowa\u0107 nadmiar p\u0142yn\u00f3w, takich jak olej, t\u0142uszcz i woda, jednocze\u015bnie filtruj\u0105c opary powstaj\u0105ce podczas gotowania, pieczenia lub sma\u017cenia. Jej konstrukcja umo\u017cliwia niemal hermetyczne zamkni\u0119cie naczynia, co ogranicza rozprzestrzenianie si\u0119 zapach\u00f3w i zapobiega zabrudzeniu otaczaj\u0105cych powierzchni.<\/span><\/p><p><span style=\"font-weight: 400;\">Pokrywka sk\u0142ada si\u0119 z dw\u00f3ch starannie zaprojektowanych cz\u0119\u015bci, kt\u00f3re razem tworz\u0105 funkcjonaln\u0105 ca\u0142o\u015b\u0107. G\u00f3rna cz\u0119\u015b\u0107 jest wykonana z <\/span><b>papieru typu tripleks<\/b><span style=\"font-weight: 400;\"> i zapewnia solidn\u0105 struktur\u0119 oraz pe\u0142ni funkcj\u0119 stabilnego podparcia. Dolna cz\u0119\u015b\u0107 jest wykonana z <\/span><b>ch\u0142onnego papieru airlaid<\/b><span style=\"font-weight: 400;\"> kt\u00f3ry skutecznie wch\u0142ania p\u0142yny. Dzi\u0119ki trapezowym wypustkom oraz specjalnie zaprojektowanym otworom na powierzchni umo\u017cliwia optymalny przep\u0142yw powietrza i filtracj\u0119 opar\u00f3w, bez powstawania kondensacji.<\/span><\/p><p><span style=\"font-weight: 400;\">Dodatkow\u0105 funkcjonalno\u015b\u0107 zapewniaj\u0105 zintegrowane uchwyty, kt\u00f3re \u0142atwo si\u0119 sk\u0142adaj\u0105 i tworz\u0105 wygodny uchwyt do bezpiecznego u\u017cytkowania. Ten innowacyjny design nie tylko u\u0142atwia przygotowywanie posi\u0142k\u00f3w, ale tak\u017ce sprzyja utrzymaniu porz\u0105dku i przyjemnej atmosfery w kuchni.<\/span><\/p>\n\t\t\t\t\t<\/div>\n\t\t\t\t\t\t<\/div>\n\t\t\t\t<\/div>\n\t\t\t\t\t<\/div>\n\t\t\t\t<\/div>\n\t\t\t\t<\/div>","protected":false},"excerpt":{"rendered":"<p><span style=\"font-weight: 400;\">U\u0142atw sobie proces gotowania dzi\u0119ki pokrywce filtruj\u0105cej wykonanej z naturalnego materia\u0142u, kt\u00f3ra sprawia, \u017ce ca\u0142y proces staje si\u0119 prostszy. Zatrzymuje t\u0142uszcz, kt\u00f3ry intensywnie pryska na wszystkie strony, chroni przed potencjalnymi oparzeniami i przepuszcza dok\u0142adnie tyle powietrza, ile potrzeba. Kuchnia i ca\u0142e mieszkanie nie musz\u0105 ju\u017c pachnie\u0107 jedzeniem przez wiele dni. <\/span><\/p>","protected":false},"featured_media":28773,"template":"","meta":[],"product_brand":[],"product_cat":[71],"product_tag":[],"class_list":{"0":"post-395","1":"product","2":"type-product","3":"status-publish","4":"has-post-thumbnail","6":"product_cat-oil-block-and-lock","8":"first","9":"instock","10":"shipping-taxable","11":"purchasable","12":"product-type-simple"},"yoast_head":"<!-- This site is optimized with the Yoast SEO plugin v25.9 - https:\/\/yoast.com\/wordpress\/plugins\/seo\/ -->\n<title>Filter poklopac - Oil Block and Lock<\/title>\n<meta name=\"robots\" content=\"index, follow, max-snippet:-1, max-image-preview:large, max-video-preview:-1\" \/>\n<link rel=\"canonical\" href=\"https:\/\/oilblockandlock.com\/pl\/product\/frying-filter\/\" \/>\n<meta property=\"og:locale\" content=\"pl_PL\" \/>\n<meta property=\"og:type\" content=\"article\" \/>\n<meta property=\"og:title\" content=\"Filter poklopac - Oil Block and Lock\" \/>\n<meta property=\"og:description\" content=\"Olak\u0161ajte proces kuvanje uz pomo\u0107 filter poklopca od prirodnog materijala koji ceo proces kuvanja \u010dini jednostavnijim. Zadr\u017eava masno\u0107u koja nemilosrdno prska na sve strane, \u010duva od potencijalnih opekotina i propu\u0161ta taman dovoljno vazduha. Kuhinja i ceo stan vi\u0161e ne moraju da miri\u0161u na hranu danima.\" \/>\n<meta property=\"og:url\" content=\"https:\/\/oilblockandlock.com\/pl\/product\/frying-filter\/\" \/>\n<meta property=\"og:site_name\" content=\"Oil Block and Lock\" \/>\n<meta property=\"article:modified_time\" content=\"2025-05-22T12:02:45+00:00\" \/>\n<meta property=\"og:image\" content=\"https:\/\/oilblockandlock.com\/wp-content\/uploads\/2025\/04\/poklopac.png\" \/>\n\t<meta property=\"og:image:width\" content=\"598\" \/>\n\t<meta property=\"og:image:height\" content=\"676\" \/>\n\t<meta property=\"og:image:type\" content=\"image\/png\" \/>\n<meta name=\"twitter:card\" content=\"summary_large_image\" \/>\n<meta name=\"twitter:label1\" content=\"Szacowany czas czytania\" \/>\n\t<meta name=\"twitter:data1\" content=\"1 minuta\" \/>\n<script type=\"application\/ld+json\" class=\"yoast-schema-graph\">{\"@context\":\"https:\/\/schema.org\",\"@graph\":[{\"@type\":\"WebPage\",\"@id\":\"https:\/\/oilblockandlock.com\/product\/frying-filter\/\",\"url\":\"https:\/\/oilblockandlock.com\/product\/frying-filter\/\",\"name\":\"Filter poklopac - Oil Block and Lock\",\"isPartOf\":{\"@id\":\"https:\/\/oilblockandlock.com\/#website\"},\"primaryImageOfPage\":{\"@id\":\"https:\/\/oilblockandlock.com\/product\/frying-filter\/#primaryimage\"},\"image\":{\"@id\":\"https:\/\/oilblockandlock.com\/product\/frying-filter\/#primaryimage\"},\"thumbnailUrl\":\"https:\/\/oilblockandlock.com\/wp-content\/uploads\/2025\/04\/poklopac.png\",\"datePublished\":\"2021-08-27T12:11:46+00:00\",\"dateModified\":\"2025-05-22T12:02:45+00:00\",\"breadcrumb\":{\"@id\":\"https:\/\/oilblockandlock.com\/product\/frying-filter\/#breadcrumb\"},\"inLanguage\":\"pl-PL\",\"potentialAction\":[{\"@type\":\"ReadAction\",\"target\":[\"https:\/\/oilblockandlock.com\/product\/frying-filter\/\"]}]},{\"@type\":\"ImageObject\",\"inLanguage\":\"pl-PL\",\"@id\":\"https:\/\/oilblockandlock.com\/product\/frying-filter\/#primaryimage\",\"url\":\"https:\/\/oilblockandlock.com\/wp-content\/uploads\/2025\/04\/poklopac.png\",\"contentUrl\":\"https:\/\/oilblockandlock.com\/wp-content\/uploads\/2025\/04\/poklopac.png\",\"width\":598,\"height\":676},{\"@type\":\"BreadcrumbList\",\"@id\":\"https:\/\/oilblockandlock.com\/product\/frying-filter\/#breadcrumb\",\"itemListElement\":[{\"@type\":\"ListItem\",\"position\":1,\"name\":\"Home\",\"item\":\"https:\/\/oilblockandlock.com\/\"},{\"@type\":\"ListItem\",\"position\":2,\"name\":\"Shop\",\"item\":\"https:\/\/oilblockandlock.com\/shop\/\"},{\"@type\":\"ListItem\",\"position\":3,\"name\":\"Filter poklopac\"}]},{\"@type\":\"WebSite\",\"@id\":\"https:\/\/oilblockandlock.com\/#website\",\"url\":\"https:\/\/oilblockandlock.com\/\",\"name\":\"Oil Block and Lock\",\"description\":\"\",\"publisher\":{\"@id\":\"https:\/\/oilblockandlock.com\/#organization\"},\"potentialAction\":[{\"@type\":\"SearchAction\",\"target\":{\"@type\":\"EntryPoint\",\"urlTemplate\":\"https:\/\/oilblockandlock.com\/?s={search_term_string}\"},\"query-input\":{\"@type\":\"PropertyValueSpecification\",\"valueRequired\":true,\"valueName\":\"search_term_string\"}}],\"inLanguage\":\"pl-PL\"},{\"@type\":\"Organization\",\"@id\":\"https:\/\/oilblockandlock.com\/#organization\",\"name\":\"Oil Block and Lock\",\"url\":\"https:\/\/oilblockandlock.com\/\",\"logo\":{\"@type\":\"ImageObject\",\"inLanguage\":\"pl-PL\",\"@id\":\"https:\/\/oilblockandlock.com\/#\/schema\/logo\/image\/\",\"url\":\"https:\/\/oilblockandlock.com\/wp-content\/uploads\/2025\/03\/ob_logo.png\",\"contentUrl\":\"https:\/\/oilblockandlock.com\/wp-content\/uploads\/2025\/03\/ob_logo.png\",\"width\":738,\"height\":592,\"caption\":\"Oil Block and Lock\"},\"image\":{\"@id\":\"https:\/\/oilblockandlock.com\/#\/schema\/logo\/image\/\"}}]}<\/script>\n<!-- \/ Yoast SEO plugin. -->","yoast_head_json":{"title":"Filter poklopac - Oil Block and Lock","robots":{"index":"index","follow":"follow","max-snippet":"max-snippet:-1","max-image-preview":"max-image-preview:large","max-video-preview":"max-video-preview:-1"},"canonical":"https:\/\/oilblockandlock.com\/pl\/product\/frying-filter\/","og_locale":"pl_PL","og_type":"article","og_title":"Filter poklopac - Oil Block and Lock","og_description":"Olak\u0161ajte proces kuvanje uz pomo\u0107 filter poklopca od prirodnog materijala koji ceo proces kuvanja \u010dini jednostavnijim. Zadr\u017eava masno\u0107u koja nemilosrdno prska na sve strane, \u010duva od potencijalnih opekotina i propu\u0161ta taman dovoljno vazduha. Kuhinja i ceo stan vi\u0161e ne moraju da miri\u0161u na hranu danima.","og_url":"https:\/\/oilblockandlock.com\/pl\/product\/frying-filter\/","og_site_name":"Oil Block and Lock","article_modified_time":"2025-05-22T12:02:45+00:00","og_image":[{"width":598,"height":676,"url":"https:\/\/oilblockandlock.com\/wp-content\/uploads\/2025\/04\/poklopac.png","type":"image\/png"}],"twitter_card":"summary_large_image","twitter_misc":{"Szacowany czas czytania":"1 minuta"},"schema":{"@context":"https:\/\/schema.org","@graph":[{"@type":"WebPage","@id":"https:\/\/oilblockandlock.com\/product\/frying-filter\/","url":"https:\/\/oilblockandlock.com\/product\/frying-filter\/","name":"Filter poklopac - Oil Block and Lock","isPartOf":{"@id":"https:\/\/oilblockandlock.com\/#website"},"primaryImageOfPage":{"@id":"https:\/\/oilblockandlock.com\/product\/frying-filter\/#primaryimage"},"image":{"@id":"https:\/\/oilblockandlock.com\/product\/frying-filter\/#primaryimage"},"thumbnailUrl":"https:\/\/oilblockandlock.com\/wp-content\/uploads\/2025\/04\/poklopac.png","datePublished":"2021-08-27T12:11:46+00:00","dateModified":"2025-05-22T12:02:45+00:00","breadcrumb":{"@id":"https:\/\/oilblockandlock.com\/product\/frying-filter\/#breadcrumb"},"inLanguage":"pl-PL","potentialAction":[{"@type":"ReadAction","target":["https:\/\/oilblockandlock.com\/product\/frying-filter\/"]}]},{"@type":"ImageObject","inLanguage":"pl-PL","@id":"https:\/\/oilblockandlock.com\/product\/frying-filter\/#primaryimage","url":"https:\/\/oilblockandlock.com\/wp-content\/uploads\/2025\/04\/poklopac.png","contentUrl":"https:\/\/oilblockandlock.com\/wp-content\/uploads\/2025\/04\/poklopac.png","width":598,"height":676},{"@type":"BreadcrumbList","@id":"https:\/\/oilblockandlock.com\/product\/frying-filter\/#breadcrumb","itemListElement":[{"@type":"ListItem","position":1,"name":"Home","item":"https:\/\/oilblockandlock.com\/"},{"@type":"ListItem","position":2,"name":"Shop","item":"https:\/\/oilblockandlock.com\/shop\/"},{"@type":"ListItem","position":3,"name":"Filter poklopac"}]},{"@type":"WebSite","@id":"https:\/\/oilblockandlock.com\/#website","url":"https:\/\/oilblockandlock.com\/","name":"Oil Block and Lock","description":"","publisher":{"@id":"https:\/\/oilblockandlock.com\/#organization"},"potentialAction":[{"@type":"SearchAction","target":{"@type":"EntryPoint","urlTemplate":"https:\/\/oilblockandlock.com\/?s={search_term_string}"},"query-input":{"@type":"PropertyValueSpecification","valueRequired":true,"valueName":"search_term_string"}}],"inLanguage":"pl-PL"},{"@type":"Organization","@id":"https:\/\/oilblockandlock.com\/#organization","name":"Oil Block and Lock","url":"https:\/\/oilblockandlock.com\/","logo":{"@type":"ImageObject","inLanguage":"pl-PL","@id":"https:\/\/oilblockandlock.com\/#\/schema\/logo\/image\/","url":"https:\/\/oilblockandlock.com\/wp-content\/uploads\/2025\/03\/ob_logo.png","contentUrl":"https:\/\/oilblockandlock.com\/wp-content\/uploads\/2025\/03\/ob_logo.png","width":738,"height":592,"caption":"Oil Block and Lock"},"image":{"@id":"https:\/\/oilblockandlock.com\/#\/schema\/logo\/image\/"}}]}},"_links":{"self":[{"href":"https:\/\/oilblockandlock.com\/pl\/wp-json\/wp\/v2\/product\/395","targetHints":{"allow":["GET"]}}],"collection":[{"href":"https:\/\/oilblockandlock.com\/pl\/wp-json\/wp\/v2\/product"}],"about":[{"href":"https:\/\/oilblockandlock.com\/pl\/wp-json\/wp\/v2\/types\/product"}],"version-history":[{"count":12,"href":"https:\/\/oilblockandlock.com\/pl\/wp-json\/wp\/v2\/product\/395\/revisions"}],"predecessor-version":[{"id":28807,"href":"https:\/\/oilblockandlock.com\/pl\/wp-json\/wp\/v2\/product\/395\/revisions\/28807"}],"wp:featuredmedia":[{"embeddable":true,"href":"https:\/\/oilblockandlock.com\/pl\/wp-json\/wp\/v2\/media\/28773"}],"wp:attachment":[{"href":"https:\/\/oilblockandlock.com\/pl\/wp-json\/wp\/v2\/media?parent=395"}],"wp:term":[{"taxonomy":"product_brand","embeddable":true,"href":"https:\/\/oilblockandlock.com\/pl\/wp-json\/wp\/v2\/product_brand?post=395"},{"taxonomy":"product_cat","embeddable":true,"href":"https:\/\/oilblockandlock.com\/pl\/wp-json\/wp\/v2\/product_cat?post=395"},{"taxonomy":"product_tag","embeddable":true,"href":"https:\/\/oilblockandlock.com\/pl\/wp-json\/wp\/v2\/product_tag?post=395"}],"curies":[{"name":"wp","href":"https:\/\/api.w.org\/{rel}","templated":true}]}}