{"id":28839,"date":"2025-05-21T16:31:58","date_gmt":"2025-05-21T16:31:58","guid":{"rendered":"https:\/\/oilblockandlock.com\/?post_type=product&#038;p=28839"},"modified":"2025-05-27T09:28:07","modified_gmt":"2025-05-27T09:28:07","slug":"kuhinjski-papir-x2","status":"publish","type":"product","link":"https:\/\/oilblockandlock.com\/pl\/product\/kuhinjski-papir-x2\/","title":{"rendered":"R\u0119cznik papierowy x2"},"content":{"rendered":"<div data-elementor-type=\"wp-post\" data-elementor-id=\"28839\" class=\"elementor elementor-28839\" data-elementor-post-type=\"product\">\n\t\t\t\t<div class=\"wd-negative-gap elementor-element elementor-element-997cfae e-flex e-con-boxed e-con e-parent\" data-id=\"997cfae\" data-element_type=\"container\">\n\t\t\t\t\t<div class=\"e-con-inner\">\n\t\t\t\t<div class=\"elementor-element elementor-element-beca1bd elementor-widget elementor-widget-wd_text_block\" data-id=\"beca1bd\" data-element_type=\"widget\" data-widget_type=\"wd_text_block.default\">\n\t\t\t\t<div class=\"elementor-widget-container\">\n\t\t\t\t\t\t\t<div class=\"wd-text-block reset-last-child text-left\">\n\t\t\t\n\t\t\t<p><span style=\"font-weight: 400;\">Papier do wch\u0142aniania t\u0142uszczu zosta\u0142 zaprojektowany tak, aby skutecznie absorbowa\u0107 nadmiar oleju, t\u0142uszczu i wody, czyni\u0105c przygotowanie potraw \u0142atwiejszym i zdrowszym. Jego wielowarstwowa struktura z dodatkow\u0105 warstw\u0105 ochronn\u0105 umo\u017cliwia szybkie wch\u0142anianie p\u0142yn\u00f3w bez rozrywania i bez pozostawiania \u015blad\u00f3w na jedzeniu.<\/span><\/p><p><span style=\"font-weight: 400;\">Wykonany z ekologicznych materia\u0142\u00f3w, takich jak naturalna celuloza wzmocniona w\u0142\u00f3knami, papier ten nadaje si\u0119 do stosowania zar\u00f3wno z surowymi, jak i poddanymi obr\u00f3bce termicznej produktami. Nie przywiera do \u017cywno\u015bci i nie pozostawia \u015blad\u00f3w ani drobinek, zapewniaj\u0105c doskona\u0142e do\u015bwiadczenie w kuchni.<\/span><\/p><p><span style=\"font-weight: 400;\">Opr\u00f3cz tego, \u017ce pomaga w przygotowaniu zdrowszych posi\u0142k\u00f3w z mniejsz\u0105 ilo\u015bci\u0105 t\u0142uszczu, papier ten przyczynia si\u0119 r\u00f3wnie\u017c do utrzymania czysto\u015bci powierzchni roboczych. Skutecznie ogranicza ba\u0142agan w kuchni, minimalizuje konieczno\u015b\u0107 usuwania t\u0142uszczu i u\u0142atwia sprz\u0105tanie po gotowaniu.<\/span><\/p>\n\t\t\t\t\t<\/div>\n\t\t\t\t\t\t<\/div>\n\t\t\t\t<\/div>\n\t\t\t\t\t<\/div>\n\t\t\t\t<\/div>\n\t\t\t\t<\/div>","protected":false},"excerpt":{"rendered":"<p><span style=\"font-weight: 400;\">Papier do wch\u0142aniania t\u0142uszczu jest ekologiczny i zdrowy, wykonany z naturalnej celulozy oraz wzmocniony w\u0142\u00f3knami zapobiegaj\u0105cymi rozrywaniu. Wielowarstwowa struktura z dodatkow\u0105 warstw\u0105 ochronn\u0105 zapewnia wysok\u0105 ch\u0142onno\u015b\u0107, zachowuj\u0105c jako\u015b\u0107 i \u015bwie\u017co\u015b\u0107 Twoich potraw.\u00a0<\/span><\/p>","protected":false},"featured_media":28932,"template":"","meta":[],"product_brand":[],"product_cat":[71],"product_tag":[74],"class_list":{"0":"post-28839","1":"product","2":"type-product","3":"status-publish","4":"has-post-thumbnail","6":"product_cat-oil-block-and-lock","7":"product_tag-bundle","9":"first","10":"instock","11":"shipping-taxable","12":"purchasable","13":"product-type-simple"},"yoast_head":"<!-- This site is optimized with the Yoast SEO plugin v25.9 - https:\/\/yoast.com\/wordpress\/plugins\/seo\/ -->\n<title>Kuhinjski papir x2 - Oil Block and Lock<\/title>\n<meta name=\"robots\" content=\"index, follow, max-snippet:-1, max-image-preview:large, max-video-preview:-1\" \/>\n<link rel=\"canonical\" href=\"https:\/\/oilblockandlock.com\/pl\/product\/kuhinjski-papir-x2\/\" \/>\n<meta property=\"og:locale\" content=\"pl_PL\" \/>\n<meta property=\"og:type\" content=\"article\" \/>\n<meta property=\"og:title\" content=\"Kuhinjski papir x2 - Oil Block and Lock\" \/>\n<meta property=\"og:description\" content=\"Papir za upijanje masno\u0107e je ekolo\u0161ki i zdrav, napravljen od prirodne celuloze i oja\u010dan vlaknima koja spre\u010davaju kidanje. Vi\u0161eslojna struktura sa dodatnim za\u0161titnim slojem omogu\u0107ava visok kapacitet upijanja, \u010duvaju\u0107i kvalitet i sve\u017einu va\u0161e hrane.\u00a0\" \/>\n<meta property=\"og:url\" content=\"https:\/\/oilblockandlock.com\/pl\/product\/kuhinjski-papir-x2\/\" \/>\n<meta property=\"og:site_name\" content=\"Oil Block and Lock\" \/>\n<meta property=\"article:modified_time\" content=\"2025-05-27T09:28:07+00:00\" \/>\n<meta property=\"og:image\" content=\"https:\/\/oilblockandlock.com\/wp-content\/uploads\/2025\/05\/2-papira-stamp.png\" \/>\n\t<meta property=\"og:image:width\" content=\"1000\" \/>\n\t<meta property=\"og:image:height\" content=\"1000\" \/>\n\t<meta property=\"og:image:type\" content=\"image\/png\" \/>\n<meta name=\"twitter:card\" content=\"summary_large_image\" \/>\n<meta name=\"twitter:label1\" content=\"Szacowany czas czytania\" \/>\n\t<meta name=\"twitter:data1\" content=\"1 minuta\" \/>\n<script type=\"application\/ld+json\" class=\"yoast-schema-graph\">{\"@context\":\"https:\/\/schema.org\",\"@graph\":[{\"@type\":\"WebPage\",\"@id\":\"https:\/\/oilblockandlock.com\/product\/kuhinjski-papir-x2\/\",\"url\":\"https:\/\/oilblockandlock.com\/product\/kuhinjski-papir-x2\/\",\"name\":\"Kuhinjski papir x2 - Oil Block and Lock\",\"isPartOf\":{\"@id\":\"https:\/\/oilblockandlock.com\/#website\"},\"primaryImageOfPage\":{\"@id\":\"https:\/\/oilblockandlock.com\/product\/kuhinjski-papir-x2\/#primaryimage\"},\"image\":{\"@id\":\"https:\/\/oilblockandlock.com\/product\/kuhinjski-papir-x2\/#primaryimage\"},\"thumbnailUrl\":\"https:\/\/oilblockandlock.com\/wp-content\/uploads\/2025\/05\/2-papira-stamp.png\",\"datePublished\":\"2025-05-21T16:31:58+00:00\",\"dateModified\":\"2025-05-27T09:28:07+00:00\",\"breadcrumb\":{\"@id\":\"https:\/\/oilblockandlock.com\/product\/kuhinjski-papir-x2\/#breadcrumb\"},\"inLanguage\":\"pl-PL\",\"potentialAction\":[{\"@type\":\"ReadAction\",\"target\":[\"https:\/\/oilblockandlock.com\/product\/kuhinjski-papir-x2\/\"]}]},{\"@type\":\"ImageObject\",\"inLanguage\":\"pl-PL\",\"@id\":\"https:\/\/oilblockandlock.com\/product\/kuhinjski-papir-x2\/#primaryimage\",\"url\":\"https:\/\/oilblockandlock.com\/wp-content\/uploads\/2025\/05\/2-papira-stamp.png\",\"contentUrl\":\"https:\/\/oilblockandlock.com\/wp-content\/uploads\/2025\/05\/2-papira-stamp.png\",\"width\":1000,\"height\":1000},{\"@type\":\"BreadcrumbList\",\"@id\":\"https:\/\/oilblockandlock.com\/product\/kuhinjski-papir-x2\/#breadcrumb\",\"itemListElement\":[{\"@type\":\"ListItem\",\"position\":1,\"name\":\"Home\",\"item\":\"https:\/\/oilblockandlock.com\/\"},{\"@type\":\"ListItem\",\"position\":2,\"name\":\"Shop\",\"item\":\"https:\/\/oilblockandlock.com\/shop\/\"},{\"@type\":\"ListItem\",\"position\":3,\"name\":\"Kuhinjski papir x2\"}]},{\"@type\":\"WebSite\",\"@id\":\"https:\/\/oilblockandlock.com\/#website\",\"url\":\"https:\/\/oilblockandlock.com\/\",\"name\":\"Oil Block and Lock\",\"description\":\"\",\"publisher\":{\"@id\":\"https:\/\/oilblockandlock.com\/#organization\"},\"potentialAction\":[{\"@type\":\"SearchAction\",\"target\":{\"@type\":\"EntryPoint\",\"urlTemplate\":\"https:\/\/oilblockandlock.com\/?s={search_term_string}\"},\"query-input\":{\"@type\":\"PropertyValueSpecification\",\"valueRequired\":true,\"valueName\":\"search_term_string\"}}],\"inLanguage\":\"pl-PL\"},{\"@type\":\"Organization\",\"@id\":\"https:\/\/oilblockandlock.com\/#organization\",\"name\":\"Oil Block and Lock\",\"url\":\"https:\/\/oilblockandlock.com\/\",\"logo\":{\"@type\":\"ImageObject\",\"inLanguage\":\"pl-PL\",\"@id\":\"https:\/\/oilblockandlock.com\/#\/schema\/logo\/image\/\",\"url\":\"https:\/\/oilblockandlock.com\/wp-content\/uploads\/2025\/03\/ob_logo.png\",\"contentUrl\":\"https:\/\/oilblockandlock.com\/wp-content\/uploads\/2025\/03\/ob_logo.png\",\"width\":738,\"height\":592,\"caption\":\"Oil Block and Lock\"},\"image\":{\"@id\":\"https:\/\/oilblockandlock.com\/#\/schema\/logo\/image\/\"}}]}<\/script>\n<!-- \/ Yoast SEO plugin. -->","yoast_head_json":{"title":"Kuhinjski papir x2 - Oil Block and Lock","robots":{"index":"index","follow":"follow","max-snippet":"max-snippet:-1","max-image-preview":"max-image-preview:large","max-video-preview":"max-video-preview:-1"},"canonical":"https:\/\/oilblockandlock.com\/pl\/product\/kuhinjski-papir-x2\/","og_locale":"pl_PL","og_type":"article","og_title":"Kuhinjski papir x2 - Oil Block and Lock","og_description":"Papir za upijanje masno\u0107e je ekolo\u0161ki i zdrav, napravljen od prirodne celuloze i oja\u010dan vlaknima koja spre\u010davaju kidanje. Vi\u0161eslojna struktura sa dodatnim za\u0161titnim slojem omogu\u0107ava visok kapacitet upijanja, \u010duvaju\u0107i kvalitet i sve\u017einu va\u0161e hrane.\u00a0","og_url":"https:\/\/oilblockandlock.com\/pl\/product\/kuhinjski-papir-x2\/","og_site_name":"Oil Block and Lock","article_modified_time":"2025-05-27T09:28:07+00:00","og_image":[{"width":1000,"height":1000,"url":"https:\/\/oilblockandlock.com\/wp-content\/uploads\/2025\/05\/2-papira-stamp.png","type":"image\/png"}],"twitter_card":"summary_large_image","twitter_misc":{"Szacowany czas czytania":"1 minuta"},"schema":{"@context":"https:\/\/schema.org","@graph":[{"@type":"WebPage","@id":"https:\/\/oilblockandlock.com\/product\/kuhinjski-papir-x2\/","url":"https:\/\/oilblockandlock.com\/product\/kuhinjski-papir-x2\/","name":"Kuhinjski papir x2 - Oil Block and Lock","isPartOf":{"@id":"https:\/\/oilblockandlock.com\/#website"},"primaryImageOfPage":{"@id":"https:\/\/oilblockandlock.com\/product\/kuhinjski-papir-x2\/#primaryimage"},"image":{"@id":"https:\/\/oilblockandlock.com\/product\/kuhinjski-papir-x2\/#primaryimage"},"thumbnailUrl":"https:\/\/oilblockandlock.com\/wp-content\/uploads\/2025\/05\/2-papira-stamp.png","datePublished":"2025-05-21T16:31:58+00:00","dateModified":"2025-05-27T09:28:07+00:00","breadcrumb":{"@id":"https:\/\/oilblockandlock.com\/product\/kuhinjski-papir-x2\/#breadcrumb"},"inLanguage":"pl-PL","potentialAction":[{"@type":"ReadAction","target":["https:\/\/oilblockandlock.com\/product\/kuhinjski-papir-x2\/"]}]},{"@type":"ImageObject","inLanguage":"pl-PL","@id":"https:\/\/oilblockandlock.com\/product\/kuhinjski-papir-x2\/#primaryimage","url":"https:\/\/oilblockandlock.com\/wp-content\/uploads\/2025\/05\/2-papira-stamp.png","contentUrl":"https:\/\/oilblockandlock.com\/wp-content\/uploads\/2025\/05\/2-papira-stamp.png","width":1000,"height":1000},{"@type":"BreadcrumbList","@id":"https:\/\/oilblockandlock.com\/product\/kuhinjski-papir-x2\/#breadcrumb","itemListElement":[{"@type":"ListItem","position":1,"name":"Home","item":"https:\/\/oilblockandlock.com\/"},{"@type":"ListItem","position":2,"name":"Shop","item":"https:\/\/oilblockandlock.com\/shop\/"},{"@type":"ListItem","position":3,"name":"Kuhinjski papir x2"}]},{"@type":"WebSite","@id":"https:\/\/oilblockandlock.com\/#website","url":"https:\/\/oilblockandlock.com\/","name":"Oil Block and Lock","description":"","publisher":{"@id":"https:\/\/oilblockandlock.com\/#organization"},"potentialAction":[{"@type":"SearchAction","target":{"@type":"EntryPoint","urlTemplate":"https:\/\/oilblockandlock.com\/?s={search_term_string}"},"query-input":{"@type":"PropertyValueSpecification","valueRequired":true,"valueName":"search_term_string"}}],"inLanguage":"pl-PL"},{"@type":"Organization","@id":"https:\/\/oilblockandlock.com\/#organization","name":"Oil Block and Lock","url":"https:\/\/oilblockandlock.com\/","logo":{"@type":"ImageObject","inLanguage":"pl-PL","@id":"https:\/\/oilblockandlock.com\/#\/schema\/logo\/image\/","url":"https:\/\/oilblockandlock.com\/wp-content\/uploads\/2025\/03\/ob_logo.png","contentUrl":"https:\/\/oilblockandlock.com\/wp-content\/uploads\/2025\/03\/ob_logo.png","width":738,"height":592,"caption":"Oil Block and Lock"},"image":{"@id":"https:\/\/oilblockandlock.com\/#\/schema\/logo\/image\/"}}]}},"_links":{"self":[{"href":"https:\/\/oilblockandlock.com\/pl\/wp-json\/wp\/v2\/product\/28839","targetHints":{"allow":["GET"]}}],"collection":[{"href":"https:\/\/oilblockandlock.com\/pl\/wp-json\/wp\/v2\/product"}],"about":[{"href":"https:\/\/oilblockandlock.com\/pl\/wp-json\/wp\/v2\/types\/product"}],"version-history":[{"count":2,"href":"https:\/\/oilblockandlock.com\/pl\/wp-json\/wp\/v2\/product\/28839\/revisions"}],"predecessor-version":[{"id":28914,"href":"https:\/\/oilblockandlock.com\/pl\/wp-json\/wp\/v2\/product\/28839\/revisions\/28914"}],"wp:featuredmedia":[{"embeddable":true,"href":"https:\/\/oilblockandlock.com\/pl\/wp-json\/wp\/v2\/media\/28932"}],"wp:attachment":[{"href":"https:\/\/oilblockandlock.com\/pl\/wp-json\/wp\/v2\/media?parent=28839"}],"wp:term":[{"taxonomy":"product_brand","embeddable":true,"href":"https:\/\/oilblockandlock.com\/pl\/wp-json\/wp\/v2\/product_brand?post=28839"},{"taxonomy":"product_cat","embeddable":true,"href":"https:\/\/oilblockandlock.com\/pl\/wp-json\/wp\/v2\/product_cat?post=28839"},{"taxonomy":"product_tag","embeddable":true,"href":"https:\/\/oilblockandlock.com\/pl\/wp-json\/wp\/v2\/product_tag?post=28839"}],"curies":[{"name":"wp","href":"https:\/\/api.w.org\/{rel}","templated":true}]}}