{"id":4400,"date":"2021-10-12T15:51:09","date_gmt":"2021-10-12T15:51:09","guid":{"rendered":"http:\/\/dummy.xtemos.com\/woodmart2\/elementor\/?page_id=4400"},"modified":"2025-04-03T09:43:24","modified_gmt":"2025-04-03T09:43:24","slug":"b2b","status":"publish","type":"page","link":"https:\/\/oilblockandlock.com\/pl\/b2b\/","title":{"rendered":"Become a distributer"},"content":{"rendered":"<div data-elementor-type=\"wp-page\" data-elementor-id=\"4400\" class=\"elementor elementor-4400\" data-elementor-post-type=\"page\">\n\t\t\t\t<div class=\"elementor-element elementor-element-0aaf669 wd-section-stretch e-flex e-con-boxed e-con e-parent\" data-id=\"0aaf669\" data-element_type=\"container\" data-settings=\"{&quot;background_background&quot;:&quot;classic&quot;}\">\n\t\t\t\t\t<div class=\"e-con-inner\">\n\t\t<div class=\"elementor-element elementor-element-49529c7 color-scheme-light e-con-full e-flex e-con e-child\" data-id=\"49529c7\" data-element_type=\"container\">\n\t\t\t\t<div class=\"elementor-element elementor-element-95c7bfa wd-width-100 elementor-widget elementor-widget-wd_title\" data-id=\"95c7bfa\" data-element_type=\"widget\" data-settings=\"{&quot;_animation_mobile&quot;:&quot;fadeInLeft&quot;}\" data-widget_type=\"wd_title.default\">\n\t\t\t\t<div class=\"elementor-widget-container\">\n\t\t\t\t\t\t\t<div class=\"title-wrapper wd-set-mb reset-last-child wd-title-color-primary wd-title-style-default wd-title-size-small text-left\">\n\n\t\t\t\n\t\t\t<div class=\"liner-continer\">\n\t\t\t\t<h4 class=\"woodmart-title-container title wd-fontsize-m\">Dodaj produkty OilBlock&amp;Lock do<br>twojej oferty<\/h4> \n\t\t\t\t\t\t\t<\/div>\n\n\t\t\t\t\t<\/div>\n\t\t\t\t\t\t<\/div>\n\t\t\t\t<\/div>\n\t\t\t\t<\/div>\n\t\t<div class=\"elementor-element elementor-element-112f98a e-con-full e-flex e-con e-child\" data-id=\"112f98a\" data-element_type=\"container\">\n\t\t\t\t<\/div>\n\t\t\t\t\t<\/div>\n\t\t\t\t<\/div>\n\t\t<div class=\"elementor-element elementor-element-7c7c544 e-con-full wd-section-stretch e-flex e-con e-parent\" data-id=\"7c7c544\" data-element_type=\"container\" data-settings=\"{&quot;background_background&quot;:&quot;classic&quot;}\">\n\t\t<div class=\"elementor-element elementor-element-e7cb5cd e-con-full e-flex e-con e-child\" data-id=\"e7cb5cd\" data-element_type=\"container\">\n\t\t\t\t<div class=\"elementor-element elementor-element-56aec39 elementor-widget elementor-widget-wd_image_or_svg\" data-id=\"56aec39\" data-element_type=\"widget\" data-widget_type=\"wd_image_or_svg.default\">\n\t\t\t\t<div class=\"elementor-widget-container\">\n\t\t\t\t\t\n\t\t<div class=\"wd-image text-left\">\n\t\t\t\t\t\t\t\t<img fetchpriority=\"high\" decoding=\"async\" width=\"540\" height=\"408\" src=\"https:\/\/oilblockandlock.com\/wp-content\/uploads\/2025\/04\/Rectangle-51.png\" class=\"attachment-full size-full\" alt=\"\" srcset=\"https:\/\/oilblockandlock.com\/wp-content\/uploads\/2025\/04\/Rectangle-51.png 540w, https:\/\/oilblockandlock.com\/wp-content\/uploads\/2025\/04\/Rectangle-51-397x300.png 397w, https:\/\/oilblockandlock.com\/wp-content\/uploads\/2025\/04\/Rectangle-51-16x12.png 16w, https:\/\/oilblockandlock.com\/wp-content\/uploads\/2025\/04\/Rectangle-51-430x325.png 430w, https:\/\/oilblockandlock.com\/wp-content\/uploads\/2025\/04\/Rectangle-51-150x113.png 150w\" sizes=\"(max-width: 540px) 100vw, 540px\" \/>\t\t\t\t\t<\/div>\n\n\t\t\t\t\t\t<\/div>\n\t\t\t\t<\/div>\n\t\t\t\t<\/div>\n\t\t<div class=\"elementor-element elementor-element-97d6084 e-con-full e-flex e-con e-child\" data-id=\"97d6084\" data-element_type=\"container\">\n\t\t\t\t<div class=\"elementor-element elementor-element-98d830b wd-width-100 elementor-widget elementor-widget-wd_title\" data-id=\"98d830b\" data-element_type=\"widget\" data-widget_type=\"wd_title.default\">\n\t\t\t\t<div class=\"elementor-widget-container\">\n\t\t\t\t\t\t\t<div class=\"title-wrapper wd-set-mb reset-last-child wd-title-color-primary wd-title-style-default wd-title-size-large text-left\">\n\n\t\t\t\n\t\t\t<div class=\"liner-continer\">\n\t\t\t\t<h4 class=\"woodmart-title-container title wd-fontsize-xxl\"><span class=\"gradient-text\">W celu wprowadzenia produkt\u00f3w OilBlock&amp;Lock do oferty Pa\u0144stwa sklepu prosimy o kontakt z naszym przedstawicielem handlowym.<\/span><\/h4> \n\t\t\t\t\t\t\t<\/div>\n\n\t\t\t\t\t<\/div>\n\t\t\t\t\t\t<\/div>\n\t\t\t\t<\/div>\n\t\t\t\t<div class=\"elementor-element elementor-element-a07cce5 elementor-icon-list--layout-traditional elementor-list-item-link-full_width elementor-widget elementor-widget-icon-list\" data-id=\"a07cce5\" data-element_type=\"widget\" data-widget_type=\"icon-list.default\">\n\t\t\t\t<div class=\"elementor-widget-container\">\n\t\t\t\t\t\t\t<ul class=\"elementor-icon-list-items\">\n\t\t\t\t\t\t\t<li class=\"elementor-icon-list-item\">\n\t\t\t\t\t\t\t\t\t\t\t<a href=\"mailto:jovan@oilblockandlock.com\">\n\n\t\t\t\t\t\t\t\t\t\t\t\t<span class=\"elementor-icon-list-icon\">\n\t\t\t\t\t\t\t<svg aria-hidden=\"true\" class=\"e-font-icon-svg e-far-envelope\" viewbox=\"0 0 512 512\" xmlns=\"http:\/\/www.w3.org\/2000\/svg\"><path d=\"M464 64H48C21.49 64 0 85.49 0 112v288c0 26.51 21.49 48 48 48h416c26.51 0 48-21.49 48-48V112c0-26.51-21.49-48-48-48zm0 48v40.805c-22.422 18.259-58.168 46.651-134.587 106.49-16.841 13.247-50.201 45.072-73.413 44.701-23.208.375-56.579-31.459-73.413-44.701C106.18 199.465 70.425 171.067 48 152.805V112h416zM48 400V214.398c22.914 18.251 55.409 43.862 104.938 82.646 21.857 17.205 60.134 55.186 103.062 54.955 42.717.231 80.509-37.199 103.053-54.947 49.528-38.783 82.032-64.401 104.947-82.653V400H48z\"><\/path><\/svg>\t\t\t\t\t\t<\/span>\n\t\t\t\t\t\t\t\t\t\t<span class=\"elementor-icon-list-text\">jovan@oilblockandlock.com<\/span>\n\t\t\t\t\t\t\t\t\t\t\t<\/a>\n\t\t\t\t\t\t\t\t\t<\/li>\n\t\t\t\t\t\t\t\t<li class=\"elementor-icon-list-item\">\n\t\t\t\t\t\t\t\t\t\t\t<a href=\"tel:+381654902573\">\n\n\t\t\t\t\t\t\t\t\t\t\t\t<span class=\"elementor-icon-list-icon\">\n\t\t\t\t\t\t\t<svg aria-hidden=\"true\" class=\"e-font-icon-svg e-fas-phone-alt\" viewbox=\"0 0 512 512\" xmlns=\"http:\/\/www.w3.org\/2000\/svg\"><path d=\"M497.39 361.8l-112-48a24 24 0 0 0-28 6.9l-49.6 60.6A370.66 370.66 0 0 1 130.6 204.11l60.6-49.6a23.94 23.94 0 0 0 6.9-28l-48-112A24.16 24.16 0 0 0 122.6.61l-104 24A24 24 0 0 0 0 48c0 256.5 207.9 464 464 464a24 24 0 0 0 23.4-18.6l24-104a24.29 24.29 0 0 0-14.01-27.6z\"><\/path><\/svg>\t\t\t\t\t\t<\/span>\n\t\t\t\t\t\t\t\t\t\t<span class=\"elementor-icon-list-text\">065\/4902573<\/span>\n\t\t\t\t\t\t\t\t\t\t\t<\/a>\n\t\t\t\t\t\t\t\t\t<\/li>\n\t\t\t\t\t\t<\/ul>\n\t\t\t\t\t\t<\/div>\n\t\t\t\t<\/div>\n\t\t\t\t<\/div>\n\t\t\t\t<\/div>\n\t\t\t\t<\/div>","protected":false},"excerpt":{"rendered":"<p>Dodajte OilBlock&amp;Lock proizvode uva\u0161u ponudu Za ulistavanje OilBlock&amp;Lock u va\u0161 market molimo da kontaktirate na\u0161eg predstavnika prodaje jovan@oilblockandlock.com 065\/4902573<\/p>","protected":false},"author":1,"featured_media":0,"parent":0,"menu_order":0,"comment_status":"closed","ping_status":"closed","template":"","meta":{"footnotes":""},"class_list":["post-4400","page","type-page","status-publish","hentry"],"yoast_head":"<!-- This site is optimized with the Yoast SEO plugin v25.9 - https:\/\/yoast.com\/wordpress\/plugins\/seo\/ -->\n<title>Become a distributer - Oil Block and Lock<\/title>\n<meta name=\"robots\" content=\"index, follow, max-snippet:-1, max-image-preview:large, max-video-preview:-1\" \/>\n<link rel=\"canonical\" href=\"https:\/\/oilblockandlock.com\/pl\/b2b\/\" \/>\n<meta property=\"og:locale\" content=\"pl_PL\" \/>\n<meta property=\"og:type\" content=\"article\" \/>\n<meta property=\"og:title\" content=\"Become a distributer - Oil Block and Lock\" \/>\n<meta property=\"og:description\" content=\"Dodajte OilBlock&amp;Lock proizvode uva\u0161u ponudu Za ulistavanje OilBlock&amp;Lock u va\u0161 market molimo da kontaktirate na\u0161eg predstavnika prodaje jovan@oilblockandlock.com 065\/4902573\" \/>\n<meta property=\"og:url\" content=\"https:\/\/oilblockandlock.com\/pl\/b2b\/\" \/>\n<meta property=\"og:site_name\" content=\"Oil Block and Lock\" \/>\n<meta property=\"article:modified_time\" content=\"2025-04-03T09:43:24+00:00\" \/>\n<meta property=\"og:image\" content=\"https:\/\/www.oilblockandlock.com\/wp-content\/uploads\/2025\/04\/Rectangle-51.png\" \/>\n<meta name=\"twitter:card\" content=\"summary_large_image\" \/>\n<script type=\"application\/ld+json\" class=\"yoast-schema-graph\">{\"@context\":\"https:\/\/schema.org\",\"@graph\":[{\"@type\":\"WebPage\",\"@id\":\"https:\/\/oilblockandlock.com\/b2b\/\",\"url\":\"https:\/\/oilblockandlock.com\/b2b\/\",\"name\":\"Become a distributer - Oil Block and Lock\",\"isPartOf\":{\"@id\":\"https:\/\/oilblockandlock.com\/#website\"},\"primaryImageOfPage\":{\"@id\":\"https:\/\/oilblockandlock.com\/b2b\/#primaryimage\"},\"image\":{\"@id\":\"https:\/\/oilblockandlock.com\/b2b\/#primaryimage\"},\"thumbnailUrl\":\"https:\/\/www.oilblockandlock.com\/wp-content\/uploads\/2025\/04\/Rectangle-51.png\",\"datePublished\":\"2021-10-12T15:51:09+00:00\",\"dateModified\":\"2025-04-03T09:43:24+00:00\",\"breadcrumb\":{\"@id\":\"https:\/\/oilblockandlock.com\/b2b\/#breadcrumb\"},\"inLanguage\":\"pl-PL\",\"potentialAction\":[{\"@type\":\"ReadAction\",\"target\":[\"https:\/\/oilblockandlock.com\/b2b\/\"]}]},{\"@type\":\"ImageObject\",\"inLanguage\":\"pl-PL\",\"@id\":\"https:\/\/oilblockandlock.com\/b2b\/#primaryimage\",\"url\":\"https:\/\/www.oilblockandlock.com\/wp-content\/uploads\/2025\/04\/Rectangle-51.png\",\"contentUrl\":\"https:\/\/www.oilblockandlock.com\/wp-content\/uploads\/2025\/04\/Rectangle-51.png\"},{\"@type\":\"BreadcrumbList\",\"@id\":\"https:\/\/oilblockandlock.com\/b2b\/#breadcrumb\",\"itemListElement\":[{\"@type\":\"ListItem\",\"position\":1,\"name\":\"Home\",\"item\":\"https:\/\/oilblockandlock.com\/\"},{\"@type\":\"ListItem\",\"position\":2,\"name\":\"Become a distributer\"}]},{\"@type\":\"WebSite\",\"@id\":\"https:\/\/oilblockandlock.com\/#website\",\"url\":\"https:\/\/oilblockandlock.com\/\",\"name\":\"Oil Block and Lock\",\"description\":\"\",\"publisher\":{\"@id\":\"https:\/\/oilblockandlock.com\/#organization\"},\"potentialAction\":[{\"@type\":\"SearchAction\",\"target\":{\"@type\":\"EntryPoint\",\"urlTemplate\":\"https:\/\/oilblockandlock.com\/?s={search_term_string}\"},\"query-input\":{\"@type\":\"PropertyValueSpecification\",\"valueRequired\":true,\"valueName\":\"search_term_string\"}}],\"inLanguage\":\"pl-PL\"},{\"@type\":\"Organization\",\"@id\":\"https:\/\/oilblockandlock.com\/#organization\",\"name\":\"Oil Block and Lock\",\"url\":\"https:\/\/oilblockandlock.com\/\",\"logo\":{\"@type\":\"ImageObject\",\"inLanguage\":\"pl-PL\",\"@id\":\"https:\/\/oilblockandlock.com\/#\/schema\/logo\/image\/\",\"url\":\"https:\/\/oilblockandlock.com\/wp-content\/uploads\/2025\/03\/ob_logo.png\",\"contentUrl\":\"https:\/\/oilblockandlock.com\/wp-content\/uploads\/2025\/03\/ob_logo.png\",\"width\":738,\"height\":592,\"caption\":\"Oil Block and Lock\"},\"image\":{\"@id\":\"https:\/\/oilblockandlock.com\/#\/schema\/logo\/image\/\"}}]}<\/script>\n<!-- \/ Yoast SEO plugin. -->","yoast_head_json":{"title":"Become a distributer - Oil Block and Lock","robots":{"index":"index","follow":"follow","max-snippet":"max-snippet:-1","max-image-preview":"max-image-preview:large","max-video-preview":"max-video-preview:-1"},"canonical":"https:\/\/oilblockandlock.com\/pl\/b2b\/","og_locale":"pl_PL","og_type":"article","og_title":"Become a distributer - Oil Block and Lock","og_description":"Dodajte OilBlock&amp;Lock proizvode uva\u0161u ponudu Za ulistavanje OilBlock&amp;Lock u va\u0161 market molimo da kontaktirate na\u0161eg predstavnika prodaje jovan@oilblockandlock.com 065\/4902573","og_url":"https:\/\/oilblockandlock.com\/pl\/b2b\/","og_site_name":"Oil Block and Lock","article_modified_time":"2025-04-03T09:43:24+00:00","og_image":[{"url":"https:\/\/www.oilblockandlock.com\/wp-content\/uploads\/2025\/04\/Rectangle-51.png","type":"","width":"","height":""}],"twitter_card":"summary_large_image","schema":{"@context":"https:\/\/schema.org","@graph":[{"@type":"WebPage","@id":"https:\/\/oilblockandlock.com\/b2b\/","url":"https:\/\/oilblockandlock.com\/b2b\/","name":"Become a distributer - Oil Block and Lock","isPartOf":{"@id":"https:\/\/oilblockandlock.com\/#website"},"primaryImageOfPage":{"@id":"https:\/\/oilblockandlock.com\/b2b\/#primaryimage"},"image":{"@id":"https:\/\/oilblockandlock.com\/b2b\/#primaryimage"},"thumbnailUrl":"https:\/\/www.oilblockandlock.com\/wp-content\/uploads\/2025\/04\/Rectangle-51.png","datePublished":"2021-10-12T15:51:09+00:00","dateModified":"2025-04-03T09:43:24+00:00","breadcrumb":{"@id":"https:\/\/oilblockandlock.com\/b2b\/#breadcrumb"},"inLanguage":"pl-PL","potentialAction":[{"@type":"ReadAction","target":["https:\/\/oilblockandlock.com\/b2b\/"]}]},{"@type":"ImageObject","inLanguage":"pl-PL","@id":"https:\/\/oilblockandlock.com\/b2b\/#primaryimage","url":"https:\/\/www.oilblockandlock.com\/wp-content\/uploads\/2025\/04\/Rectangle-51.png","contentUrl":"https:\/\/www.oilblockandlock.com\/wp-content\/uploads\/2025\/04\/Rectangle-51.png"},{"@type":"BreadcrumbList","@id":"https:\/\/oilblockandlock.com\/b2b\/#breadcrumb","itemListElement":[{"@type":"ListItem","position":1,"name":"Home","item":"https:\/\/oilblockandlock.com\/"},{"@type":"ListItem","position":2,"name":"Become a distributer"}]},{"@type":"WebSite","@id":"https:\/\/oilblockandlock.com\/#website","url":"https:\/\/oilblockandlock.com\/","name":"Oil Block and Lock","description":"","publisher":{"@id":"https:\/\/oilblockandlock.com\/#organization"},"potentialAction":[{"@type":"SearchAction","target":{"@type":"EntryPoint","urlTemplate":"https:\/\/oilblockandlock.com\/?s={search_term_string}"},"query-input":{"@type":"PropertyValueSpecification","valueRequired":true,"valueName":"search_term_string"}}],"inLanguage":"pl-PL"},{"@type":"Organization","@id":"https:\/\/oilblockandlock.com\/#organization","name":"Oil Block and Lock","url":"https:\/\/oilblockandlock.com\/","logo":{"@type":"ImageObject","inLanguage":"pl-PL","@id":"https:\/\/oilblockandlock.com\/#\/schema\/logo\/image\/","url":"https:\/\/oilblockandlock.com\/wp-content\/uploads\/2025\/03\/ob_logo.png","contentUrl":"https:\/\/oilblockandlock.com\/wp-content\/uploads\/2025\/03\/ob_logo.png","width":738,"height":592,"caption":"Oil Block and Lock"},"image":{"@id":"https:\/\/oilblockandlock.com\/#\/schema\/logo\/image\/"}}]}},"_links":{"self":[{"href":"https:\/\/oilblockandlock.com\/pl\/wp-json\/wp\/v2\/pages\/4400","targetHints":{"allow":["GET"]}}],"collection":[{"href":"https:\/\/oilblockandlock.com\/pl\/wp-json\/wp\/v2\/pages"}],"about":[{"href":"https:\/\/oilblockandlock.com\/pl\/wp-json\/wp\/v2\/types\/page"}],"author":[{"embeddable":true,"href":"https:\/\/oilblockandlock.com\/pl\/wp-json\/wp\/v2\/users\/1"}],"replies":[{"embeddable":true,"href":"https:\/\/oilblockandlock.com\/pl\/wp-json\/wp\/v2\/comments?post=4400"}],"version-history":[{"count":148,"href":"https:\/\/oilblockandlock.com\/pl\/wp-json\/wp\/v2\/pages\/4400\/revisions"}],"predecessor-version":[{"id":28798,"href":"https:\/\/oilblockandlock.com\/pl\/wp-json\/wp\/v2\/pages\/4400\/revisions\/28798"}],"wp:attachment":[{"href":"https:\/\/oilblockandlock.com\/pl\/wp-json\/wp\/v2\/media?parent=4400"}],"curies":[{"name":"wp","href":"https:\/\/api.w.org\/{rel}","templated":true}]}}