{"id":395,"date":"2021-08-27T12:11:46","date_gmt":"2021-08-27T12:11:46","guid":{"rendered":"http:\/\/dummy.xtemos.com\/woodmart2\/elementor\/?post_type=product&#038;p=395"},"modified":"2025-05-22T12:02:45","modified_gmt":"2025-05-22T12:02:45","slug":"frying-filter","status":"publish","type":"product","link":"https:\/\/oilblockandlock.com\/en\/product\/frying-filter\/","title":{"rendered":"Frying Filter"},"content":{"rendered":"<div data-elementor-type=\"wp-post\" data-elementor-id=\"395\" class=\"elementor elementor-395\" data-elementor-post-type=\"product\">\n\t\t\t\t<div class=\"wd-negative-gap elementor-element elementor-element-3171f4f e-flex e-con-boxed e-con e-parent\" data-id=\"3171f4f\" data-element_type=\"container\">\n\t\t\t\t\t<div class=\"e-con-inner\">\n\t\t\t\t<div class=\"elementor-element elementor-element-eddf3e8 elementor-widget elementor-widget-wd_text_block\" data-id=\"eddf3e8\" data-element_type=\"widget\" data-widget_type=\"wd_text_block.default\">\n\t\t\t\t<div class=\"elementor-widget-container\">\n\t\t\t\t\t\t\t<div class=\"wd-text-block reset-last-child text-left\">\n\t\t\t\n\t\t\t<p><span style=\"font-weight: 400;\">The frying filter is designed to efficiently absorb excess liquids such as oil, grease, and water, while also filtering steam and vapors produced during cooking, baking, or frying. Its design creates an almost airtight seal on the pot, helping to contain odors and prevent dirt from spreading to surrounding surfaces.<\/span><\/p><p><span style=\"font-weight: 400;\">The filter is made of two carefully engineered layers that work together as a functional whole. The top layer is constructed from <\/span><b>triplex paper,<\/b><span style=\"font-weight: 400;\"> providing structural integrity and support. The bottom layer consists of <\/span><b>absorbent airlaid paper,<\/b><span style=\"font-weight: 400;\"> which effectively soaks up excess liquids. Thanks to trapezoidal vents and specially designed surface openings, the frying filter allows optimal airflow and vapor filtration without creating condensation.<\/span><\/p><p><span style=\"font-weight: 400;\">For convenience, the frying filter features integrated grips that fold to form a handle, ensuring safe and easy handling. This innovative design simplifies food preparation and helps keep a cleaner and more pleasant kitchen environment.<\/span><\/p>\n\t\t\t\t\t<\/div>\n\t\t\t\t\t\t<\/div>\n\t\t\t\t<\/div>\n\t\t\t\t\t<\/div>\n\t\t\t\t<\/div>\n\t\t\t\t<\/div>","protected":false},"excerpt":{"rendered":"<p><span style=\"font-weight: 400;\">Simplify cooking with a frying filter made from natural materials. It traps splattering grease, prevents burns, and allows optimal airflow. Keeps food odors from lingering in your kitchen and home for days. <\/span><\/p>","protected":false},"featured_media":28773,"template":"","meta":[],"product_brand":[],"product_cat":[71],"product_tag":[],"class_list":{"0":"post-395","1":"product","2":"type-product","3":"status-publish","4":"has-post-thumbnail","6":"product_cat-oil-block-and-lock","8":"first","9":"instock","10":"shipping-taxable","11":"purchasable","12":"product-type-simple"},"yoast_head":"<!-- This site is optimized with the Yoast SEO plugin v25.9 - https:\/\/yoast.com\/wordpress\/plugins\/seo\/ -->\n<title>Filter poklopac - Oil Block and Lock<\/title>\n<meta name=\"robots\" content=\"index, follow, max-snippet:-1, max-image-preview:large, max-video-preview:-1\" \/>\n<link rel=\"canonical\" href=\"https:\/\/oilblockandlock.com\/en\/product\/frying-filter\/\" \/>\n<meta property=\"og:locale\" content=\"en_US\" \/>\n<meta property=\"og:type\" content=\"article\" \/>\n<meta property=\"og:title\" content=\"Filter poklopac - Oil Block and Lock\" \/>\n<meta property=\"og:description\" content=\"Olak\u0161ajte proces kuvanje uz pomo\u0107 filter poklopca od prirodnog materijala koji ceo proces kuvanja \u010dini jednostavnijim. Zadr\u017eava masno\u0107u koja nemilosrdno prska na sve strane, \u010duva od potencijalnih opekotina i propu\u0161ta taman dovoljno vazduha. Kuhinja i ceo stan vi\u0161e ne moraju da miri\u0161u na hranu danima.\" \/>\n<meta property=\"og:url\" content=\"https:\/\/oilblockandlock.com\/en\/product\/frying-filter\/\" \/>\n<meta property=\"og:site_name\" content=\"Oil Block and Lock\" \/>\n<meta property=\"article:modified_time\" content=\"2025-05-22T12:02:45+00:00\" \/>\n<meta property=\"og:image\" content=\"https:\/\/oilblockandlock.com\/wp-content\/uploads\/2025\/04\/poklopac.png\" \/>\n\t<meta property=\"og:image:width\" content=\"598\" \/>\n\t<meta property=\"og:image:height\" content=\"676\" \/>\n\t<meta property=\"og:image:type\" content=\"image\/png\" \/>\n<meta name=\"twitter:card\" content=\"summary_large_image\" \/>\n<meta name=\"twitter:label1\" content=\"Est. reading time\" \/>\n\t<meta name=\"twitter:data1\" content=\"1 minute\" \/>\n<script type=\"application\/ld+json\" class=\"yoast-schema-graph\">{\"@context\":\"https:\/\/schema.org\",\"@graph\":[{\"@type\":\"WebPage\",\"@id\":\"https:\/\/oilblockandlock.com\/product\/frying-filter\/\",\"url\":\"https:\/\/oilblockandlock.com\/product\/frying-filter\/\",\"name\":\"Filter poklopac - Oil Block and Lock\",\"isPartOf\":{\"@id\":\"https:\/\/oilblockandlock.com\/#website\"},\"primaryImageOfPage\":{\"@id\":\"https:\/\/oilblockandlock.com\/product\/frying-filter\/#primaryimage\"},\"image\":{\"@id\":\"https:\/\/oilblockandlock.com\/product\/frying-filter\/#primaryimage\"},\"thumbnailUrl\":\"https:\/\/oilblockandlock.com\/wp-content\/uploads\/2025\/04\/poklopac.png\",\"datePublished\":\"2021-08-27T12:11:46+00:00\",\"dateModified\":\"2025-05-22T12:02:45+00:00\",\"breadcrumb\":{\"@id\":\"https:\/\/oilblockandlock.com\/product\/frying-filter\/#breadcrumb\"},\"inLanguage\":\"en-US\",\"potentialAction\":[{\"@type\":\"ReadAction\",\"target\":[\"https:\/\/oilblockandlock.com\/product\/frying-filter\/\"]}]},{\"@type\":\"ImageObject\",\"inLanguage\":\"en-US\",\"@id\":\"https:\/\/oilblockandlock.com\/product\/frying-filter\/#primaryimage\",\"url\":\"https:\/\/oilblockandlock.com\/wp-content\/uploads\/2025\/04\/poklopac.png\",\"contentUrl\":\"https:\/\/oilblockandlock.com\/wp-content\/uploads\/2025\/04\/poklopac.png\",\"width\":598,\"height\":676},{\"@type\":\"BreadcrumbList\",\"@id\":\"https:\/\/oilblockandlock.com\/product\/frying-filter\/#breadcrumb\",\"itemListElement\":[{\"@type\":\"ListItem\",\"position\":1,\"name\":\"Home\",\"item\":\"https:\/\/oilblockandlock.com\/\"},{\"@type\":\"ListItem\",\"position\":2,\"name\":\"Shop\",\"item\":\"https:\/\/oilblockandlock.com\/shop\/\"},{\"@type\":\"ListItem\",\"position\":3,\"name\":\"Filter poklopac\"}]},{\"@type\":\"WebSite\",\"@id\":\"https:\/\/oilblockandlock.com\/#website\",\"url\":\"https:\/\/oilblockandlock.com\/\",\"name\":\"Oil Block and Lock\",\"description\":\"\",\"publisher\":{\"@id\":\"https:\/\/oilblockandlock.com\/#organization\"},\"potentialAction\":[{\"@type\":\"SearchAction\",\"target\":{\"@type\":\"EntryPoint\",\"urlTemplate\":\"https:\/\/oilblockandlock.com\/?s={search_term_string}\"},\"query-input\":{\"@type\":\"PropertyValueSpecification\",\"valueRequired\":true,\"valueName\":\"search_term_string\"}}],\"inLanguage\":\"en-US\"},{\"@type\":\"Organization\",\"@id\":\"https:\/\/oilblockandlock.com\/#organization\",\"name\":\"Oil Block and Lock\",\"url\":\"https:\/\/oilblockandlock.com\/\",\"logo\":{\"@type\":\"ImageObject\",\"inLanguage\":\"en-US\",\"@id\":\"https:\/\/oilblockandlock.com\/#\/schema\/logo\/image\/\",\"url\":\"https:\/\/oilblockandlock.com\/wp-content\/uploads\/2025\/03\/ob_logo.png\",\"contentUrl\":\"https:\/\/oilblockandlock.com\/wp-content\/uploads\/2025\/03\/ob_logo.png\",\"width\":738,\"height\":592,\"caption\":\"Oil Block and Lock\"},\"image\":{\"@id\":\"https:\/\/oilblockandlock.com\/#\/schema\/logo\/image\/\"}}]}<\/script>\n<!-- \/ Yoast SEO plugin. -->","yoast_head_json":{"title":"Filter poklopac - Oil Block and Lock","robots":{"index":"index","follow":"follow","max-snippet":"max-snippet:-1","max-image-preview":"max-image-preview:large","max-video-preview":"max-video-preview:-1"},"canonical":"https:\/\/oilblockandlock.com\/en\/product\/frying-filter\/","og_locale":"en_US","og_type":"article","og_title":"Filter poklopac - Oil Block and Lock","og_description":"Olak\u0161ajte proces kuvanje uz pomo\u0107 filter poklopca od prirodnog materijala koji ceo proces kuvanja \u010dini jednostavnijim. Zadr\u017eava masno\u0107u koja nemilosrdno prska na sve strane, \u010duva od potencijalnih opekotina i propu\u0161ta taman dovoljno vazduha. Kuhinja i ceo stan vi\u0161e ne moraju da miri\u0161u na hranu danima.","og_url":"https:\/\/oilblockandlock.com\/en\/product\/frying-filter\/","og_site_name":"Oil Block and Lock","article_modified_time":"2025-05-22T12:02:45+00:00","og_image":[{"width":598,"height":676,"url":"https:\/\/oilblockandlock.com\/wp-content\/uploads\/2025\/04\/poklopac.png","type":"image\/png"}],"twitter_card":"summary_large_image","twitter_misc":{"Est. reading time":"1 minute"},"schema":{"@context":"https:\/\/schema.org","@graph":[{"@type":"WebPage","@id":"https:\/\/oilblockandlock.com\/product\/frying-filter\/","url":"https:\/\/oilblockandlock.com\/product\/frying-filter\/","name":"Filter poklopac - Oil Block and Lock","isPartOf":{"@id":"https:\/\/oilblockandlock.com\/#website"},"primaryImageOfPage":{"@id":"https:\/\/oilblockandlock.com\/product\/frying-filter\/#primaryimage"},"image":{"@id":"https:\/\/oilblockandlock.com\/product\/frying-filter\/#primaryimage"},"thumbnailUrl":"https:\/\/oilblockandlock.com\/wp-content\/uploads\/2025\/04\/poklopac.png","datePublished":"2021-08-27T12:11:46+00:00","dateModified":"2025-05-22T12:02:45+00:00","breadcrumb":{"@id":"https:\/\/oilblockandlock.com\/product\/frying-filter\/#breadcrumb"},"inLanguage":"en-US","potentialAction":[{"@type":"ReadAction","target":["https:\/\/oilblockandlock.com\/product\/frying-filter\/"]}]},{"@type":"ImageObject","inLanguage":"en-US","@id":"https:\/\/oilblockandlock.com\/product\/frying-filter\/#primaryimage","url":"https:\/\/oilblockandlock.com\/wp-content\/uploads\/2025\/04\/poklopac.png","contentUrl":"https:\/\/oilblockandlock.com\/wp-content\/uploads\/2025\/04\/poklopac.png","width":598,"height":676},{"@type":"BreadcrumbList","@id":"https:\/\/oilblockandlock.com\/product\/frying-filter\/#breadcrumb","itemListElement":[{"@type":"ListItem","position":1,"name":"Home","item":"https:\/\/oilblockandlock.com\/"},{"@type":"ListItem","position":2,"name":"Shop","item":"https:\/\/oilblockandlock.com\/shop\/"},{"@type":"ListItem","position":3,"name":"Filter poklopac"}]},{"@type":"WebSite","@id":"https:\/\/oilblockandlock.com\/#website","url":"https:\/\/oilblockandlock.com\/","name":"Oil Block and Lock","description":"","publisher":{"@id":"https:\/\/oilblockandlock.com\/#organization"},"potentialAction":[{"@type":"SearchAction","target":{"@type":"EntryPoint","urlTemplate":"https:\/\/oilblockandlock.com\/?s={search_term_string}"},"query-input":{"@type":"PropertyValueSpecification","valueRequired":true,"valueName":"search_term_string"}}],"inLanguage":"en-US"},{"@type":"Organization","@id":"https:\/\/oilblockandlock.com\/#organization","name":"Oil Block and Lock","url":"https:\/\/oilblockandlock.com\/","logo":{"@type":"ImageObject","inLanguage":"en-US","@id":"https:\/\/oilblockandlock.com\/#\/schema\/logo\/image\/","url":"https:\/\/oilblockandlock.com\/wp-content\/uploads\/2025\/03\/ob_logo.png","contentUrl":"https:\/\/oilblockandlock.com\/wp-content\/uploads\/2025\/03\/ob_logo.png","width":738,"height":592,"caption":"Oil Block and Lock"},"image":{"@id":"https:\/\/oilblockandlock.com\/#\/schema\/logo\/image\/"}}]}},"_links":{"self":[{"href":"https:\/\/oilblockandlock.com\/en\/wp-json\/wp\/v2\/product\/395","targetHints":{"allow":["GET"]}}],"collection":[{"href":"https:\/\/oilblockandlock.com\/en\/wp-json\/wp\/v2\/product"}],"about":[{"href":"https:\/\/oilblockandlock.com\/en\/wp-json\/wp\/v2\/types\/product"}],"version-history":[{"count":12,"href":"https:\/\/oilblockandlock.com\/en\/wp-json\/wp\/v2\/product\/395\/revisions"}],"predecessor-version":[{"id":28807,"href":"https:\/\/oilblockandlock.com\/en\/wp-json\/wp\/v2\/product\/395\/revisions\/28807"}],"wp:featuredmedia":[{"embeddable":true,"href":"https:\/\/oilblockandlock.com\/en\/wp-json\/wp\/v2\/media\/28773"}],"wp:attachment":[{"href":"https:\/\/oilblockandlock.com\/en\/wp-json\/wp\/v2\/media?parent=395"}],"wp:term":[{"taxonomy":"product_brand","embeddable":true,"href":"https:\/\/oilblockandlock.com\/en\/wp-json\/wp\/v2\/product_brand?post=395"},{"taxonomy":"product_cat","embeddable":true,"href":"https:\/\/oilblockandlock.com\/en\/wp-json\/wp\/v2\/product_cat?post=395"},{"taxonomy":"product_tag","embeddable":true,"href":"https:\/\/oilblockandlock.com\/en\/wp-json\/wp\/v2\/product_tag?post=395"}],"curies":[{"name":"wp","href":"https:\/\/api.w.org\/{rel}","templated":true}]}}